{"id":361,"date":"2026-02-04T10:50:56","date_gmt":"2026-02-04T10:50:56","guid":{"rendered":"https:\/\/cozybuslounge.dk\/?post_type=product&#038;p=361"},"modified":"2026-02-23T00:05:30","modified_gmt":"2026-02-23T00:05:30","slug":"book-mobil-bar-cozy-bus-lounge","status":"publish","type":"product","link":"https:\/\/cozybuslounge.dk\/index.php\/vare\/book-mobil-bar-cozy-bus-lounge\/","title":{"rendered":"Book mobil bar &#8211; Cozy Bus Lounge"},"content":{"rendered":"<p>[et_pb_section fb_built=&#8221;1&#8243; _builder_version=&#8221;4.16&#8243; custom_padding=&#8221;0px||||false|false&#8221; global_colors_info=&#8221;{}&#8221;][et_pb_row _builder_version=&#8221;4.16&#8243; background_size=&#8221;initial&#8221; background_position=&#8221;top_left&#8221; background_repeat=&#8221;repeat&#8221; width=&#8221;100%&#8221; custom_padding=&#8221;0px||0px||false|false&#8221; global_colors_info=&#8221;{}&#8221;][et_pb_column type=&#8221;4_4&#8243; _builder_version=&#8221;4.16&#8243; custom_padding=&#8221;|||&#8221; global_colors_info=&#8221;{}&#8221; custom_padding__hover=&#8221;|||&#8221;][et_pb_wc_breadcrumb _builder_version=&#8221;4.16&#8243; global_colors_info=&#8221;{}&#8221;][\/et_pb_wc_breadcrumb][et_pb_wc_cart_notice _builder_version=&#8221;4.16&#8243; global_colors_info=&#8221;{}&#8221;][\/et_pb_wc_cart_notice][\/et_pb_column][\/et_pb_row][et_pb_row _builder_version=&#8221;4.16&#8243; background_size=&#8221;initial&#8221; background_position=&#8221;top_left&#8221; background_repeat=&#8221;repeat&#8221; width=&#8221;100%&#8221; custom_padding=&#8221;0px||||false|false&#8221; global_colors_info=&#8221;{}&#8221; column_structure=&#8221;1_2,1_2&#8243;][et_pb_column type=&#8221;1_2&#8243; _builder_version=&#8221;4.16&#8243; custom_padding=&#8221;|||&#8221; global_colors_info=&#8221;{}&#8221; custom_padding__hover=&#8221;|||&#8221;][et_pb_wc_images _builder_version=&#8221;4.16&#8243; global_colors_info=&#8221;{}&#8221;][\/et_pb_wc_images][\/et_pb_column][et_pb_column type=&#8221;1_2&#8243; _builder_version=&#8221;4.16&#8243; custom_padding=&#8221;|||&#8221; global_colors_info=&#8221;{}&#8221; custom_padding__hover=&#8221;|||&#8221;][et_pb_wc_title _builder_version=&#8221;4.16&#8243; global_colors_info=&#8221;{}&#8221;][\/et_pb_wc_title][et_pb_wc_rating _builder_version=&#8221;4.16&#8243; global_colors_info=&#8221;{}&#8221;][\/et_pb_wc_rating][et_pb_wc_price _builder_version=&#8221;4.16&#8243; global_colors_info=&#8221;{}&#8221;][\/et_pb_wc_price][et_pb_wc_description _builder_version=&#8221;4.16&#8243; hover_enabled=&#8221;0&#8243; global_colors_info=&#8221;{}&#8221; sticky_enabled=&#8221;0&#8243;][\/et_pb_wc_description][et_pb_wc_add_to_cart _builder_version=&#8221;4.16&#8243; global_colors_info=&#8221;{}&#8221;][\/et_pb_wc_add_to_cart][et_pb_wc_meta _builder_version=&#8221;4.16&#8243; global_colors_info=&#8221;{}&#8221;][\/et_pb_wc_meta][\/et_pb_column][\/et_pb_row][et_pb_row _builder_version=&#8221;4.16&#8243; background_size=&#8221;initial&#8221; background_position=&#8221;top_left&#8221; background_repeat=&#8221;repeat&#8221; width=&#8221;100%&#8221; global_colors_info=&#8221;{}&#8221;][et_pb_column type=&#8221;4_4&#8243; _builder_version=&#8221;4.16&#8243; custom_padding=&#8221;|||&#8221; global_colors_info=&#8221;{}&#8221; custom_padding__hover=&#8221;|||&#8221;][et_pb_wc_tabs _builder_version=&#8221;4.16&#8243; global_colors_info=&#8221;{}&#8221;]\t\t\t\t\t[\/et_pb_wc_tabs][et_pb_wc_upsells _builder_version=&#8221;4.16&#8243; global_colors_info=&#8221;{}&#8221;][\/et_pb_wc_upsells][et_pb_wc_related_products _builder_version=&#8221;4.16&#8243; global_colors_info=&#8221;{}&#8221;][\/et_pb_wc_related_products][\/et_pb_column][\/et_pb_row][\/et_pb_section]<\/p>\n","protected":false},"excerpt":{"rendered":"<div class=\"et_pb_module et_pb_text et_pb_text_2 et_pb_text_align_left et_pb_bg_layout_dark\">\n<div class=\"et_pb_text_inner\">\n<h2>Cozy Bus Lounge.<\/h2>\n<\/div>\n<\/div>\n<div class=\"et_pb_module et_pb_heading et_pb_heading_2 et_pb_bg_layout_\">\n<div class=\"et_pb_heading_container\">\n<h3 class=\"et_pb_module_heading\">Unik Mobil Baroplevelse.<\/h3>\n<\/div>\n<\/div>\n<div class=\"et_pb_module et_pb_text et_pb_text_3 et_pb_text_align_left et_pb_bg_layout_light\">\n<div class=\"et_pb_text_inner\">\n<p>Tr\u00e6d ombord p\u00e5 vores klassiske Bristol dobbeltd\u00e6kkerbus fra 1981, der er ombygget til en unik mobil baroplevelse. Perfekt til firma-fester, festivaler, bryllupper og private events.<\/p>\n<\/div>\n<\/div>\n","protected":false},"featured_media":163,"comment_status":"closed","ping_status":"closed","template":"","meta":{"_et_pb_use_builder":"on","_et_pb_old_content":"<div class=\"et_pb_module et_pb_text et_pb_text_2 et_pb_text_align_left et_pb_bg_layout_dark\">\r\n<div class=\"et_pb_text_inner\">\r\n<h2>Cozy Bus Lounge<\/h2>\r\n<\/div>\r\n<\/div>\r\n<div class=\"et_pb_module et_pb_heading et_pb_heading_2 et_pb_bg_layout_\">\r\n<div class=\"et_pb_heading_container\">\r\n<h3 class=\"et_pb_module_heading\">Unik Mobil Baroplevelse!<\/h3>\r\n<\/div>\r\n<\/div>\r\n<div class=\"et_pb_module et_pb_text et_pb_text_3 et_pb_text_align_left et_pb_bg_layout_light\">\r\n<div class=\"et_pb_text_inner\">\r\n\r\nTr\u00e6d ombord p\u00e5 vores klassiske Bristol dobbeltd\u00e6kkerbus fra 1981, der er ombygget til en unik mobil baroplevelse. Perfekt til firma-fester, festivaler, bryllupper og private events.\r\n\r\nVi serverer l\u00e6kre cocktails, uds\u00f8gte vine og l\u00e6kker special\u00f8l \u2013 altsammen i en autentisk og stemningsfuld atmosf\u00e6re. Vi k\u00f8rer ud til events i hele landet.\r\n\r\nKontakt os idag for booking eller et uforpligtende tilbud.\r\n\r\n<\/div>\r\n<\/div>","_et_gb_content_width":""},"product_brand":[],"product_cat":[30],"product_tag":[],"class_list":{"0":"post-361","1":"product","2":"type-product","3":"status-publish","4":"has-post-thumbnail","6":"product_cat-mobil-bar","8":"first","9":"instock","10":"virtual","11":"product-type-simple"},"yoast_head":"<!-- This site is optimized with the Yoast SEO plugin v27.0 - https:\/\/yoast.com\/product\/yoast-seo-wordpress\/ -->\n<title>Book mobil bar - Cozy Bus Lounge - Cozy Bus Lounge<\/title>\n<meta name=\"robots\" content=\"index, follow, max-snippet:-1, max-image-preview:large, max-video-preview:-1\" \/>\n<link rel=\"canonical\" href=\"https:\/\/cozybuslounge.dk\/index.php\/vare\/book-mobil-bar-cozy-bus-lounge\/\" \/>\n<meta property=\"og:locale\" content=\"da_DK\" \/>\n<meta property=\"og:type\" content=\"article\" \/>\n<meta property=\"og:title\" content=\"Book mobil bar - Cozy Bus Lounge - Cozy Bus Lounge\" \/>\n<meta property=\"og:description\" content=\"Cozy Bus Lounge.     Unik Mobil Baroplevelse.      Tr\u00e6d ombord p\u00e5 vores klassiske Bristol dobbeltd\u00e6kkerbus fra 1981, der er ombygget til en unik mobil baroplevelse. Perfekt til firma-fester, festivaler, bryllupper og private events.\" \/>\n<meta property=\"og:url\" content=\"https:\/\/cozybuslounge.dk\/index.php\/vare\/book-mobil-bar-cozy-bus-lounge\/\" \/>\n<meta property=\"og:site_name\" content=\"Cozy Bus Lounge\" \/>\n<meta property=\"article:modified_time\" content=\"2026-02-23T00:05:30+00:00\" \/>\n<meta property=\"og:image\" content=\"https:\/\/cozybuslounge.dk\/wp-content\/uploads\/2025\/12\/518283412_10235007891354902_6023058947927714536_n.jpg\" \/>\n\t<meta property=\"og:image:width\" content=\"1536\" \/>\n\t<meta property=\"og:image:height\" content=\"2048\" \/>\n\t<meta property=\"og:image:type\" content=\"image\/jpeg\" \/>\n<meta name=\"twitter:card\" content=\"summary_large_image\" \/>\n<meta name=\"twitter:label1\" content=\"Estimeret l\u00e6setid\" \/>\n\t<meta name=\"twitter:data1\" content=\"3 minutter\" \/>\n<script type=\"application\/ld+json\" class=\"yoast-schema-graph\">{\"@context\":\"https:\/\/schema.org\",\"@graph\":[{\"@type\":\"WebPage\",\"@id\":\"https:\/\/cozybuslounge.dk\/index.php\/vare\/book-mobil-bar-cozy-bus-lounge\/\",\"url\":\"https:\/\/cozybuslounge.dk\/index.php\/vare\/book-mobil-bar-cozy-bus-lounge\/\",\"name\":\"Book mobil bar - Cozy Bus Lounge - Cozy Bus Lounge\",\"isPartOf\":{\"@id\":\"https:\/\/cozybuslounge.dk\/#website\"},\"primaryImageOfPage\":{\"@id\":\"https:\/\/cozybuslounge.dk\/index.php\/vare\/book-mobil-bar-cozy-bus-lounge\/#primaryimage\"},\"image\":{\"@id\":\"https:\/\/cozybuslounge.dk\/index.php\/vare\/book-mobil-bar-cozy-bus-lounge\/#primaryimage\"},\"thumbnailUrl\":\"https:\/\/cozybuslounge.dk\/wp-content\/uploads\/2025\/12\/518283412_10235007891354902_6023058947927714536_n.jpg\",\"datePublished\":\"2026-02-04T10:50:56+00:00\",\"dateModified\":\"2026-02-23T00:05:30+00:00\",\"breadcrumb\":{\"@id\":\"https:\/\/cozybuslounge.dk\/index.php\/vare\/book-mobil-bar-cozy-bus-lounge\/#breadcrumb\"},\"inLanguage\":\"da-DK\",\"potentialAction\":[{\"@type\":\"ReadAction\",\"target\":[\"https:\/\/cozybuslounge.dk\/index.php\/vare\/book-mobil-bar-cozy-bus-lounge\/\"]}]},{\"@type\":\"ImageObject\",\"inLanguage\":\"da-DK\",\"@id\":\"https:\/\/cozybuslounge.dk\/index.php\/vare\/book-mobil-bar-cozy-bus-lounge\/#primaryimage\",\"url\":\"https:\/\/cozybuslounge.dk\/wp-content\/uploads\/2025\/12\/518283412_10235007891354902_6023058947927714536_n.jpg\",\"contentUrl\":\"https:\/\/cozybuslounge.dk\/wp-content\/uploads\/2025\/12\/518283412_10235007891354902_6023058947927714536_n.jpg\",\"width\":1536,\"height\":2048},{\"@type\":\"BreadcrumbList\",\"@id\":\"https:\/\/cozybuslounge.dk\/index.php\/vare\/book-mobil-bar-cozy-bus-lounge\/#breadcrumb\",\"itemListElement\":[{\"@type\":\"ListItem\",\"position\":1,\"name\":\"Startseite\",\"item\":\"https:\/\/cozybuslounge.dk\/\"},{\"@type\":\"ListItem\",\"position\":2,\"name\":\"Shop\",\"item\":\"https:\/\/cozybuslounge.dk\/index.php\/shop\/\"},{\"@type\":\"ListItem\",\"position\":3,\"name\":\"Book mobil bar &#8211; Cozy Bus Lounge\"}]},{\"@type\":\"WebSite\",\"@id\":\"https:\/\/cozybuslounge.dk\/#website\",\"url\":\"https:\/\/cozybuslounge.dk\/\",\"name\":\"Cozy Bus Lounge\",\"description\":\"Cocktail Bar \u00b7 Wine Bar \u00b7 Party Supply &amp; Rental Shop\",\"potentialAction\":[{\"@type\":\"SearchAction\",\"target\":{\"@type\":\"EntryPoint\",\"urlTemplate\":\"https:\/\/cozybuslounge.dk\/?s={search_term_string}\"},\"query-input\":{\"@type\":\"PropertyValueSpecification\",\"valueRequired\":true,\"valueName\":\"search_term_string\"}}],\"inLanguage\":\"da-DK\"}]}<\/script>\n<!-- \/ Yoast SEO plugin. -->","yoast_head_json":{"title":"Book mobil bar - Cozy Bus Lounge - Cozy Bus Lounge","robots":{"index":"index","follow":"follow","max-snippet":"max-snippet:-1","max-image-preview":"max-image-preview:large","max-video-preview":"max-video-preview:-1"},"canonical":"https:\/\/cozybuslounge.dk\/index.php\/vare\/book-mobil-bar-cozy-bus-lounge\/","og_locale":"da_DK","og_type":"article","og_title":"Book mobil bar - Cozy Bus Lounge - Cozy Bus Lounge","og_description":"Cozy Bus Lounge.     Unik Mobil Baroplevelse.      Tr\u00e6d ombord p\u00e5 vores klassiske Bristol dobbeltd\u00e6kkerbus fra 1981, der er ombygget til en unik mobil baroplevelse. Perfekt til firma-fester, festivaler, bryllupper og private events.","og_url":"https:\/\/cozybuslounge.dk\/index.php\/vare\/book-mobil-bar-cozy-bus-lounge\/","og_site_name":"Cozy Bus Lounge","article_modified_time":"2026-02-23T00:05:30+00:00","og_image":[{"width":1536,"height":2048,"url":"https:\/\/cozybuslounge.dk\/wp-content\/uploads\/2025\/12\/518283412_10235007891354902_6023058947927714536_n.jpg","type":"image\/jpeg"}],"twitter_card":"summary_large_image","twitter_misc":{"Estimeret l\u00e6setid":"3 minutter"},"schema":{"@context":"https:\/\/schema.org","@graph":[{"@type":"WebPage","@id":"https:\/\/cozybuslounge.dk\/index.php\/vare\/book-mobil-bar-cozy-bus-lounge\/","url":"https:\/\/cozybuslounge.dk\/index.php\/vare\/book-mobil-bar-cozy-bus-lounge\/","name":"Book mobil bar - Cozy Bus Lounge - Cozy Bus Lounge","isPartOf":{"@id":"https:\/\/cozybuslounge.dk\/#website"},"primaryImageOfPage":{"@id":"https:\/\/cozybuslounge.dk\/index.php\/vare\/book-mobil-bar-cozy-bus-lounge\/#primaryimage"},"image":{"@id":"https:\/\/cozybuslounge.dk\/index.php\/vare\/book-mobil-bar-cozy-bus-lounge\/#primaryimage"},"thumbnailUrl":"https:\/\/cozybuslounge.dk\/wp-content\/uploads\/2025\/12\/518283412_10235007891354902_6023058947927714536_n.jpg","datePublished":"2026-02-04T10:50:56+00:00","dateModified":"2026-02-23T00:05:30+00:00","breadcrumb":{"@id":"https:\/\/cozybuslounge.dk\/index.php\/vare\/book-mobil-bar-cozy-bus-lounge\/#breadcrumb"},"inLanguage":"da-DK","potentialAction":[{"@type":"ReadAction","target":["https:\/\/cozybuslounge.dk\/index.php\/vare\/book-mobil-bar-cozy-bus-lounge\/"]}]},{"@type":"ImageObject","inLanguage":"da-DK","@id":"https:\/\/cozybuslounge.dk\/index.php\/vare\/book-mobil-bar-cozy-bus-lounge\/#primaryimage","url":"https:\/\/cozybuslounge.dk\/wp-content\/uploads\/2025\/12\/518283412_10235007891354902_6023058947927714536_n.jpg","contentUrl":"https:\/\/cozybuslounge.dk\/wp-content\/uploads\/2025\/12\/518283412_10235007891354902_6023058947927714536_n.jpg","width":1536,"height":2048},{"@type":"BreadcrumbList","@id":"https:\/\/cozybuslounge.dk\/index.php\/vare\/book-mobil-bar-cozy-bus-lounge\/#breadcrumb","itemListElement":[{"@type":"ListItem","position":1,"name":"Startseite","item":"https:\/\/cozybuslounge.dk\/"},{"@type":"ListItem","position":2,"name":"Shop","item":"https:\/\/cozybuslounge.dk\/index.php\/shop\/"},{"@type":"ListItem","position":3,"name":"Book mobil bar &#8211; Cozy Bus Lounge"}]},{"@type":"WebSite","@id":"https:\/\/cozybuslounge.dk\/#website","url":"https:\/\/cozybuslounge.dk\/","name":"Cozy Bus Lounge","description":"Cocktail Bar \u00b7 Wine Bar \u00b7 Party Supply &amp; Rental Shop","potentialAction":[{"@type":"SearchAction","target":{"@type":"EntryPoint","urlTemplate":"https:\/\/cozybuslounge.dk\/?s={search_term_string}"},"query-input":{"@type":"PropertyValueSpecification","valueRequired":true,"valueName":"search_term_string"}}],"inLanguage":"da-DK"}]}},"_links":{"self":[{"href":"https:\/\/cozybuslounge.dk\/index.php\/wp-json\/wp\/v2\/product\/361","targetHints":{"allow":["GET"]}}],"collection":[{"href":"https:\/\/cozybuslounge.dk\/index.php\/wp-json\/wp\/v2\/product"}],"about":[{"href":"https:\/\/cozybuslounge.dk\/index.php\/wp-json\/wp\/v2\/types\/product"}],"replies":[{"embeddable":true,"href":"https:\/\/cozybuslounge.dk\/index.php\/wp-json\/wp\/v2\/comments?post=361"}],"wp:featuredmedia":[{"embeddable":true,"href":"https:\/\/cozybuslounge.dk\/index.php\/wp-json\/wp\/v2\/media\/163"}],"wp:attachment":[{"href":"https:\/\/cozybuslounge.dk\/index.php\/wp-json\/wp\/v2\/media?parent=361"}],"wp:term":[{"taxonomy":"product_brand","embeddable":true,"href":"https:\/\/cozybuslounge.dk\/index.php\/wp-json\/wp\/v2\/product_brand?post=361"},{"taxonomy":"product_cat","embeddable":true,"href":"https:\/\/cozybuslounge.dk\/index.php\/wp-json\/wp\/v2\/product_cat?post=361"},{"taxonomy":"product_tag","embeddable":true,"href":"https:\/\/cozybuslounge.dk\/index.php\/wp-json\/wp\/v2\/product_tag?post=361"}],"curies":[{"name":"wp","href":"https:\/\/api.w.org\/{rel}","templated":true}]}}