{"id":18,"date":"2025-11-20T19:15:23","date_gmt":"2025-11-20T19:15:23","guid":{"rendered":"https:\/\/cozybuslounge.dk\/?page_id=18"},"modified":"2025-12-23T08:54:27","modified_gmt":"2025-12-23T08:54:27","slug":"galleri","status":"publish","type":"page","link":"https:\/\/cozybuslounge.dk\/index.php\/galleri\/","title":{"rendered":"Galleri"},"content":{"rendered":"<p>[et_pb_section fb_built=&#8221;1&#8243; admin_label=&#8221;Header&#8221; _builder_version=&#8221;4.27.5&#8243; _module_preset=&#8221;b952965d-446e-4bfc-ad8b-087875f798b2&#8243; background_image=&#8221;https:\/\/cozybuslounge.dk\/wp-content\/uploads\/2025\/12\/480941261_122098822658801686_5378127290906786846_n.jpg&#8221; hover_enabled=&#8221;0&#8243; collapsed=&#8221;on&#8221; sticky_enabled=&#8221;0&#8243; custom_margin=&#8221;||-52px||false|false&#8221;][et_pb_row _builder_version=&#8221;4.27.4&#8243; _module_preset=&#8221;default&#8221; global_colors_info=&#8221;{}&#8221;][et_pb_column type=&#8221;4_4&#8243; _builder_version=&#8221;4.27.4&#8243; _module_preset=&#8221;default&#8221; global_colors_info=&#8221;{}&#8221;][et_pb_heading title=&#8221;Unik mobil baroplevelse&#8221; _builder_version=&#8221;4.27.5&#8243; _module_preset=&#8221;f226a9ea-5fe8-4814-9eab-c9970c636bc6&#8243; title_text_align=&#8221;center&#8221; title_text_color=&#8221;#FFFFFF&#8221; global_colors_info=&#8221;{}&#8221;][\/et_pb_heading][et_pb_heading title=&#8221;Galleri&#8221; _builder_version=&#8221;4.27.4&#8243; _module_preset=&#8221;8cd4898d-95a4-4320-80f0-6dd7c56e5639&#8243; title_text_align=&#8221;center&#8221; title_text_color=&#8221;#FFFFFF&#8221; custom_margin=&#8221;||10px||false|false&#8221; global_colors_info=&#8221;{}&#8221;][\/et_pb_heading][et_pb_text _builder_version=&#8221;4.27.4&#8243; _module_preset=&#8221;8c2c9d80-4af1-4606-b4bc-228cb6f59d13&#8243; text_orientation=&#8221;center&#8221; max_width=&#8221;500px&#8221; module_alignment=&#8221;center&#8221; global_colors_info=&#8221;{}&#8221;]<\/p>\n<p>Velkommen til Cozy Bus Lounge.<br \/>Kig ind! Se vores shoots og f\u00e5 et indtryk<br \/>af en unik mobil baroplevelse.\u00a0<\/p>\n<p>[\/et_pb_text][\/et_pb_column][\/et_pb_row][\/et_pb_section][et_pb_section fb_built=&#8221;1&#8243; _builder_version=&#8221;4.27.5&#8243; _module_preset=&#8221;default&#8221; background_color=&#8221;#000000&#8243; hover_enabled=&#8221;0&#8243; global_colors_info=&#8221;{}&#8221; custom_margin=&#8221;||||false|false&#8221; custom_padding=&#8221;12px||||false|false&#8221; sticky_enabled=&#8221;0&#8243;][et_pb_row column_structure=&#8221;1_4,1_4,1_4,1_4&#8243; _builder_version=&#8221;4.27.5&#8243; _module_preset=&#8221;default&#8221; global_colors_info=&#8221;{}&#8221;][et_pb_column type=&#8221;1_4&#8243; _builder_version=&#8221;4.27.5&#8243; _module_preset=&#8221;default&#8221; global_colors_info=&#8221;{}&#8221;][et_pb_video src=&#8221;https:\/\/cozybuslounge.dk\/wp-content\/uploads\/2025\/12\/Venner.mp4&#8243; _builder_version=&#8221;4.27.5&#8243; _module_preset=&#8221;default&#8221; global_colors_info=&#8221;{}&#8221;][\/et_pb_video][\/et_pb_column][et_pb_column type=&#8221;1_4&#8243; _builder_version=&#8221;4.27.5&#8243; _module_preset=&#8221;default&#8221; global_colors_info=&#8221;{}&#8221;][et_pb_video src=&#8221;https:\/\/cozybuslounge.dk\/wp-content\/uploads\/2025\/12\/Dag2.mp4&#8243; _builder_version=&#8221;4.27.5&#8243; _module_preset=&#8221;default&#8221; global_colors_info=&#8221;{}&#8221;][\/et_pb_video][\/et_pb_column][et_pb_column type=&#8221;1_4&#8243; _builder_version=&#8221;4.27.5&#8243; _module_preset=&#8221;default&#8221; global_colors_info=&#8221;{}&#8221;][et_pb_video src=&#8221;https:\/\/cozybuslounge.dk\/wp-content\/uploads\/2025\/12\/MiG.mp4&#8243; _builder_version=&#8221;4.27.5&#8243; _module_preset=&#8221;default&#8221; global_colors_info=&#8221;{}&#8221;][\/et_pb_video][\/et_pb_column][et_pb_column type=&#8221;1_4&#8243; _builder_version=&#8221;4.27.5&#8243; _module_preset=&#8221;default&#8221; global_colors_info=&#8221;{}&#8221;][et_pb_video src=&#8221;https:\/\/cozybuslounge.dk\/wp-content\/uploads\/2025\/12\/Cozy-Bus-Lounge-on-Reels.mp4&#8243; _builder_version=&#8221;4.27.5&#8243; _module_preset=&#8221;default&#8221; global_colors_info=&#8221;{}&#8221;][\/et_pb_video][\/et_pb_column][\/et_pb_row][et_pb_row _builder_version=&#8221;4.27.5&#8243; _module_preset=&#8221;default&#8221; global_colors_info=&#8221;{}&#8221;][et_pb_column type=&#8221;4_4&#8243; _builder_version=&#8221;4.27.5&#8243; _module_preset=&#8221;default&#8221; global_colors_info=&#8221;{}&#8221;][et_pb_gallery gallery_ids=&#8221;167,166,165,164,163,162,161,160,159,158,157,156,155,154,153,152&#8243; gallery_orderby=&#8221;rand&#8221; posts_number=&#8221;100&#8243; show_title_and_caption=&#8221;off&#8221; _builder_version=&#8221;4.27.5&#8243; _module_preset=&#8221;9a6d5ce4-daa3-4f85-ac0b-8844bb0aa0b6&#8243; background_color=&#8221;#000000&#8243; global_colors_info=&#8221;{}&#8221;][\/et_pb_gallery][\/et_pb_column][\/et_pb_row][\/et_pb_section][et_pb_section fb_built=&#8221;1&#8243; admin_label=&#8221;Image&#8221; _builder_version=&#8221;4.27.5&#8243; _module_preset=&#8221;default&#8221; background_color=&#8221;#000000&#8243; custom_padding=&#8221;0px||0px||true|false&#8221; collapsed=&#8221;on&#8221; global_colors_info=&#8221;{}&#8221;][et_pb_row _builder_version=&#8221;4.27.4&#8243; _module_preset=&#8221;default&#8221; width=&#8221;100%&#8221; max_width=&#8221;none&#8221; custom_padding=&#8221;0px||0px||true|false&#8221; global_colors_info=&#8221;{}&#8221;][et_pb_column type=&#8221;4_4&#8243; _builder_version=&#8221;4.27.4&#8243; _module_preset=&#8221;default&#8221; global_colors_info=&#8221;{}&#8221;][et_pb_image src=&#8221;https:\/\/cozybuslounge.dk\/wp-content\/uploads\/2025\/11\/480971287_122098822604801686_8063404226306386177_n.jpg&#8221; title_text=&#8221;480971287_122098822604801686_8063404226306386177_n&#8221; force_fullwidth=&#8221;on&#8221; _builder_version=&#8221;4.27.5&#8243; _module_preset=&#8221;default&#8221; global_colors_info=&#8221;{}&#8221;][\/et_pb_image][\/et_pb_column][\/et_pb_row][\/et_pb_section][et_pb_section fb_built=&#8221;1&#8243; admin_label=&#8221;Testimonials&#8221; _builder_version=&#8221;4.27.5&#8243; _module_preset=&#8221;default&#8221; hover_enabled=&#8221;0&#8243; locked=&#8221;off&#8221; collapsed=&#8221;on&#8221; global_colors_info=&#8221;{}&#8221; disabled_on=&#8221;off|off|off&#8221; sticky_enabled=&#8221;0&#8243;][et_pb_row _builder_version=&#8221;4.27.4&#8243; _module_preset=&#8221;default&#8221; locked=&#8221;off&#8221; global_colors_info=&#8221;{}&#8221;][et_pb_column type=&#8221;4_4&#8243; _builder_version=&#8221;4.27.4&#8243; _module_preset=&#8221;default&#8221; global_colors_info=&#8221;{}&#8221;][et_pb_divider show_divider=&#8221;off&#8221; _builder_version=&#8221;4.27.4&#8243; _module_preset=&#8221;c33c8da8-50b9-4bfe-a8a9-c8a25c249b99&#8243; module_alignment=&#8221;center&#8221; locked=&#8221;off&#8221; global_colors_info=&#8221;{}&#8221;][\/et_pb_divider][\/et_pb_column][\/et_pb_row][et_pb_row column_structure=&#8221;1_3,1_3,1_3&#8243; _builder_version=&#8221;4.27.4&#8243; _module_preset=&#8221;default&#8221; global_colors_info=&#8221;{}&#8221;][et_pb_column type=&#8221;1_3&#8243; _builder_version=&#8221;4.27.4&#8243; _module_preset=&#8221;default&#8221; global_colors_info=&#8221;{}&#8221;][et_pb_heading title=&#8221;%22Vi havde ikke plads til at afholde s\u00e5dan et event med bar og telte osv. Cozy Bus Lounge var bare en genial l\u00f8sning for vores firma. Desuden var der minimal oprydning efter eventet.%22&#8243; _builder_version=&#8221;4.27.5&#8243; _module_preset=&#8221;47fede08-9c8c-4be7-ad8e-c9c171e483cf&#8221; title_font=&#8221;||on||||||&#8221; hover_enabled=&#8221;0&#8243; global_colors_info=&#8221;{}&#8221; sticky_enabled=&#8221;0&#8243;][\/et_pb_heading][\/et_pb_column][et_pb_column type=&#8221;1_3&#8243; _builder_version=&#8221;4.27.4&#8243; _module_preset=&#8221;default&#8221; global_colors_info=&#8221;{}&#8221;][et_pb_heading title=&#8221;%22(&#8230;) en anden interessant mulighed er, at vi kan tr\u00e6kke indenfor hvis vejret ikke spiller med. Og s\u00e5 er det bare noget ganske s\u00e6rligt at sidde p\u00e5 1. sal i bussen med nedsl\u00e5et caleche n\u00e5r solen skinner.%22&#8243; _builder_version=&#8221;4.27.5&#8243; _module_preset=&#8221;47fede08-9c8c-4be7-ad8e-c9c171e483cf&#8221; title_font=&#8221;||on||||||&#8221; global_colors_info=&#8221;{}&#8221;][\/et_pb_heading][\/et_pb_column][et_pb_column type=&#8221;1_3&#8243; _builder_version=&#8221;4.27.4&#8243; _module_preset=&#8221;default&#8221; global_colors_info=&#8221;{}&#8221;][et_pb_heading title=&#8221;\u201cUdvalget af vin, \u00f8l og cocktails kombineret med det s\u00e6rlige flair s\u00e5dan en bus giver&#8230; det spillede bare. Folk husker det her. Det er vi glade for\u201d&#8221; _builder_version=&#8221;4.27.5&#8243; _module_preset=&#8221;47fede08-9c8c-4be7-ad8e-c9c171e483cf&#8221; title_font=&#8221;||on||||||&#8221; hover_enabled=&#8221;0&#8243; global_colors_info=&#8221;{}&#8221; sticky_enabled=&#8221;0&#8243;][\/et_pb_heading][\/et_pb_column][\/et_pb_row][\/et_pb_section]<\/p>\n","protected":false},"excerpt":{"rendered":"<p>Velkommen til Cozy Bus Lounge.Kig ind! Se vores shoots og f\u00e5 et indtrykaf en unik mobil baroplevelse.\u00a0<\/p>\n","protected":false},"author":1,"featured_media":0,"parent":0,"menu_order":0,"comment_status":"closed","ping_status":"closed","template":"","meta":{"_et_pb_use_builder":"on","_et_pb_old_content":"","_et_gb_content_width":"","footnotes":""},"class_list":["post-18","page","type-page","status-publish","hentry"],"yoast_head":"<!-- This site is optimized with the Yoast SEO plugin v27.0 - https:\/\/yoast.com\/product\/yoast-seo-wordpress\/ -->\n<title>Galleri - Cozy Bus Lounge<\/title>\n<meta name=\"robots\" content=\"index, follow, max-snippet:-1, max-image-preview:large, max-video-preview:-1\" \/>\n<link rel=\"canonical\" href=\"https:\/\/cozybuslounge.dk\/index.php\/galleri\/\" \/>\n<meta property=\"og:locale\" content=\"da_DK\" \/>\n<meta property=\"og:type\" content=\"article\" \/>\n<meta property=\"og:title\" content=\"Galleri - Cozy Bus Lounge\" \/>\n<meta property=\"og:description\" content=\"Velkommen til Cozy Bus Lounge.Kig ind! Se vores shoots og f\u00e5 et indtrykaf en unik mobil baroplevelse.\u00a0\" \/>\n<meta property=\"og:url\" content=\"https:\/\/cozybuslounge.dk\/index.php\/galleri\/\" \/>\n<meta property=\"og:site_name\" content=\"Cozy Bus Lounge\" \/>\n<meta property=\"article:modified_time\" content=\"2025-12-23T08:54:27+00:00\" \/>\n<meta name=\"twitter:card\" content=\"summary_large_image\" \/>\n<meta name=\"twitter:label1\" content=\"Estimeret l\u00e6setid\" \/>\n\t<meta name=\"twitter:data1\" content=\"4 minutter\" \/>\n<script type=\"application\/ld+json\" class=\"yoast-schema-graph\">{\"@context\":\"https:\/\/schema.org\",\"@graph\":[{\"@type\":\"WebPage\",\"@id\":\"https:\/\/cozybuslounge.dk\/index.php\/galleri\/\",\"url\":\"https:\/\/cozybuslounge.dk\/index.php\/galleri\/\",\"name\":\"Galleri - Cozy Bus Lounge\",\"isPartOf\":{\"@id\":\"https:\/\/cozybuslounge.dk\/#website\"},\"datePublished\":\"2025-11-20T19:15:23+00:00\",\"dateModified\":\"2025-12-23T08:54:27+00:00\",\"breadcrumb\":{\"@id\":\"https:\/\/cozybuslounge.dk\/index.php\/galleri\/#breadcrumb\"},\"inLanguage\":\"da-DK\",\"potentialAction\":[{\"@type\":\"ReadAction\",\"target\":[\"https:\/\/cozybuslounge.dk\/index.php\/galleri\/\"]}]},{\"@type\":\"BreadcrumbList\",\"@id\":\"https:\/\/cozybuslounge.dk\/index.php\/galleri\/#breadcrumb\",\"itemListElement\":[{\"@type\":\"ListItem\",\"position\":1,\"name\":\"Startseite\",\"item\":\"https:\/\/cozybuslounge.dk\/\"},{\"@type\":\"ListItem\",\"position\":2,\"name\":\"Galleri\"}]},{\"@type\":\"WebSite\",\"@id\":\"https:\/\/cozybuslounge.dk\/#website\",\"url\":\"https:\/\/cozybuslounge.dk\/\",\"name\":\"Cozy Bus Lounge\",\"description\":\"Cocktail Bar \u00b7 Wine Bar \u00b7 Party Supply &amp; Rental Shop\",\"potentialAction\":[{\"@type\":\"SearchAction\",\"target\":{\"@type\":\"EntryPoint\",\"urlTemplate\":\"https:\/\/cozybuslounge.dk\/?s={search_term_string}\"},\"query-input\":{\"@type\":\"PropertyValueSpecification\",\"valueRequired\":true,\"valueName\":\"search_term_string\"}}],\"inLanguage\":\"da-DK\"}]}<\/script>\n<!-- \/ Yoast SEO plugin. -->","yoast_head_json":{"title":"Galleri - Cozy Bus Lounge","robots":{"index":"index","follow":"follow","max-snippet":"max-snippet:-1","max-image-preview":"max-image-preview:large","max-video-preview":"max-video-preview:-1"},"canonical":"https:\/\/cozybuslounge.dk\/index.php\/galleri\/","og_locale":"da_DK","og_type":"article","og_title":"Galleri - Cozy Bus Lounge","og_description":"Velkommen til Cozy Bus Lounge.Kig ind! Se vores shoots og f\u00e5 et indtrykaf en unik mobil baroplevelse.\u00a0","og_url":"https:\/\/cozybuslounge.dk\/index.php\/galleri\/","og_site_name":"Cozy Bus Lounge","article_modified_time":"2025-12-23T08:54:27+00:00","twitter_card":"summary_large_image","twitter_misc":{"Estimeret l\u00e6setid":"4 minutter"},"schema":{"@context":"https:\/\/schema.org","@graph":[{"@type":"WebPage","@id":"https:\/\/cozybuslounge.dk\/index.php\/galleri\/","url":"https:\/\/cozybuslounge.dk\/index.php\/galleri\/","name":"Galleri - Cozy Bus Lounge","isPartOf":{"@id":"https:\/\/cozybuslounge.dk\/#website"},"datePublished":"2025-11-20T19:15:23+00:00","dateModified":"2025-12-23T08:54:27+00:00","breadcrumb":{"@id":"https:\/\/cozybuslounge.dk\/index.php\/galleri\/#breadcrumb"},"inLanguage":"da-DK","potentialAction":[{"@type":"ReadAction","target":["https:\/\/cozybuslounge.dk\/index.php\/galleri\/"]}]},{"@type":"BreadcrumbList","@id":"https:\/\/cozybuslounge.dk\/index.php\/galleri\/#breadcrumb","itemListElement":[{"@type":"ListItem","position":1,"name":"Startseite","item":"https:\/\/cozybuslounge.dk\/"},{"@type":"ListItem","position":2,"name":"Galleri"}]},{"@type":"WebSite","@id":"https:\/\/cozybuslounge.dk\/#website","url":"https:\/\/cozybuslounge.dk\/","name":"Cozy Bus Lounge","description":"Cocktail Bar \u00b7 Wine Bar \u00b7 Party Supply &amp; Rental Shop","potentialAction":[{"@type":"SearchAction","target":{"@type":"EntryPoint","urlTemplate":"https:\/\/cozybuslounge.dk\/?s={search_term_string}"},"query-input":{"@type":"PropertyValueSpecification","valueRequired":true,"valueName":"search_term_string"}}],"inLanguage":"da-DK"}]}},"_links":{"self":[{"href":"https:\/\/cozybuslounge.dk\/index.php\/wp-json\/wp\/v2\/pages\/18","targetHints":{"allow":["GET"]}}],"collection":[{"href":"https:\/\/cozybuslounge.dk\/index.php\/wp-json\/wp\/v2\/pages"}],"about":[{"href":"https:\/\/cozybuslounge.dk\/index.php\/wp-json\/wp\/v2\/types\/page"}],"author":[{"embeddable":true,"href":"https:\/\/cozybuslounge.dk\/index.php\/wp-json\/wp\/v2\/users\/1"}],"replies":[{"embeddable":true,"href":"https:\/\/cozybuslounge.dk\/index.php\/wp-json\/wp\/v2\/comments?post=18"}],"version-history":[{"count":21,"href":"https:\/\/cozybuslounge.dk\/index.php\/wp-json\/wp\/v2\/pages\/18\/revisions"}],"predecessor-version":[{"id":261,"href":"https:\/\/cozybuslounge.dk\/index.php\/wp-json\/wp\/v2\/pages\/18\/revisions\/261"}],"wp:attachment":[{"href":"https:\/\/cozybuslounge.dk\/index.php\/wp-json\/wp\/v2\/media?parent=18"}],"curies":[{"name":"wp","href":"https:\/\/api.w.org\/{rel}","templated":true}]}}